 {"id":110,"date":"2018-12-10T16:56:37","date_gmt":"2018-12-10T21:56:37","guid":{"rendered":"https:\/\/livestaging.tangiblelaunchpad.com\/?page_id=110"},"modified":"2025-12-19T12:25:12","modified_gmt":"2025-12-19T20:25:12","slug":"pongase-en-contacto-con-nosotros-alcohol-server-education","status":"publish","type":"page","link":"https:\/\/livestaging.tangiblelaunchpad.com\/es\/contact-us-alcohol-server-education\/","title":{"rendered":"P\u00f3ngase en contacto con nosotros"},"content":{"rendered":"<h2>\n\t\t<a href=\"#special\" title=\"\u00bfC\u00d3MO PODEMOS AYUDARLE?\"  target=\"_self\">\n\t\t\t\u00bfC\u00d3MO PODEMOS AYUDARLE?\t\t<\/a>\n\t<\/h2>\n\t\t\t<a href=\"#online-courses-id\" target=\"_self\">\n\t\t\t\t\t\t\t<\/a>\n\t<p>EDUCACI\u00d3N SOBRE EL CONSUMO DE ALCOHOL<\/p>\n<h1>P\u00f3ngase en contacto con nosotros<\/h1>\n\t\u00bfTiene alguna pregunta?<br \/>\nWe have answers.\n\t9am &#8211; 5pm<br \/>\nMonday &#8211; Friday\n\t<p><strong>LET&#8217;S HAVE A TALK<\/strong><\/p>\n\t<p>CA: 213.772.7759<br \/>OR: 541.380.1940<br \/>WA: 206.333.4007<\/p>\n\t\t\t<a href=\"\" target=\"_self\">\n\t\t\t\t\t\t\tCHAT AHORA\n\t\t\t\t\t<\/a>\n\t\t\t<a href=\"https:\/\/livestaging.tangiblelaunchpad.com\/es\/envienos-un-correo-electronico-alcohol-server-education\/\" target=\"_self\">\n\t\t\t\t\t\t\tENV\u00cdENOS UN CORREO ELECTR\u00d3NICO\n\t\t\t\t\t<\/a>\n\t<!DOCTYPE html>\n<html>\n<head>\n  <style>\n    #map {\n      height: 300px;\n      width: 100%;\n    }\n    \/* Hide map type controls *\/\n    .gm-style .gmnoprint {\n      display: none !important;\n    }\n    \/* Hide the white box in bottom right *\/\n    .gm-style-cc {\n      display: none !important;\n    }\n    .gm-style > div:last-child {\n      display: none !important;\n    }\n  <\/style>\n<\/head>\n\n<\/html>\n<b>OFICINA CORPORATIVA<br \/>\n<\/b>17943 Old Auburn Ln<br \/>\nBaker City, OR 97814\n<b>DIRECCI\u00d3N POSTAL<\/b>\nPO Box 134\nBaker City, OR 97814","protected":false},"excerpt":{"rendered":"<p>HOW CAN WE HELP? ALCOHOL SERVER EDUCATION Contact Us Have a question? We have answers. 9am &#8211; 5pm Monday &#8211; Friday LET&#8217;S HAVE A TALK CA: 213.772.7759OR: 541.380.1940WA: 206.333.4007 CHAT NOW EMAIL US CORPORATE OFFICE 17943 Old Auburn Ln Baker City, OR 97814 MAILING ADDRESS PO Box 134 Baker City, OR 97814<\/p>","protected":false},"author":2,"featured_media":0,"parent":0,"menu_order":0,"comment_status":"closed","ping_status":"closed","template":"","meta":{"_acf_changed":false,"_monsterinsights_skip_tracking":false,"_monsterinsights_sitenote_active":false,"_monsterinsights_sitenote_note":"","_monsterinsights_sitenote_category":0,"_kadence_starter_templates_imported_post":false,"_kad_post_transparent":"","_kad_post_title":"","_kad_post_layout":"fullwidth","_kad_post_sidebar_id":"","_kad_post_content_style":"unboxed","_kad_post_vertical_padding":"","_kad_post_feature":"","_kad_post_feature_position":"","_kad_post_header":false,"_kad_post_footer":false,"_kad_post_classname":"","footnotes":""},"class_list":["post-110","page","type-page","status-publish","hentry"],"acf":[],"yoast_head":"<!-- This site is optimized with the Yoast SEO plugin v27.1.1 - https:\/\/yoast.com\/product\/yoast-seo-wordpress\/ -->\n<title>Contact Us | Alcohol Server Education | Craft Serving<\/title>\n<meta name=\"description\" content=\"Our knowledgeable and friendly team is located in the PNW and would love to help you get certified to serve alcohol. Contact us today!\" \/>\n<meta name=\"robots\" content=\"index, follow, max-snippet:-1, max-image-preview:large, max-video-preview:-1\" \/>\n<link rel=\"canonical\" href=\"https:\/\/livestaging.tangiblelaunchpad.com\/es\/pongase-en-contacto-con-nosotros-alcohol-server-education\/\" \/>\n<meta property=\"og:locale\" content=\"es_MX\" \/>\n<meta property=\"og:type\" content=\"article\" \/>\n<meta property=\"og:title\" content=\"Contact Us | Alcohol Server Education | Craft Serving\" \/>\n<meta property=\"og:description\" content=\"Our knowledgeable and friendly team is located in the PNW and would love to help you get certified to serve alcohol. Contact us today!\" \/>\n<meta property=\"og:url\" content=\"https:\/\/livestaging.tangiblelaunchpad.com\/es\/pongase-en-contacto-con-nosotros-alcohol-server-education\/\" \/>\n<meta property=\"og:site_name\" content=\"Craft Serving\" \/>\n<meta property=\"article:publisher\" content=\"https:\/\/www.facebook.com\/craftserving\" \/>\n<meta property=\"article:modified_time\" content=\"2025-12-19T20:25:12+00:00\" \/>\n<meta name=\"twitter:card\" content=\"summary_large_image\" \/>\n<meta name=\"twitter:site\" content=\"@CraftServing\" \/>\n<meta name=\"twitter:label1\" content=\"Tiempo de lectura\" \/>\n\t<meta name=\"twitter:data1\" content=\"1 minuto\" \/>\n<script type=\"application\/ld+json\" class=\"yoast-schema-graph\">{\"@context\":\"https:\/\/schema.org\",\"@graph\":[{\"@type\":[\"WebPage\",\"ContactPage\"],\"@id\":\"https:\/\/livestaging.tangiblelaunchpad.com\/contact-us-alcohol-server-education\/\",\"url\":\"https:\/\/livestaging.tangiblelaunchpad.com\/contact-us-alcohol-server-education\/\",\"name\":\"Contact Us | Alcohol Server Education | Craft Serving\",\"isPartOf\":{\"@id\":\"https:\/\/craftserving.tangiblelaunchpad.com\/#website\"},\"datePublished\":\"2018-12-10T21:56:37+00:00\",\"dateModified\":\"2025-12-19T20:25:12+00:00\",\"description\":\"Our knowledgeable and friendly team is located in the PNW and would love to help you get certified to serve alcohol. Contact us today!\",\"breadcrumb\":{\"@id\":\"https:\/\/livestaging.tangiblelaunchpad.com\/contact-us-alcohol-server-education\/#breadcrumb\"},\"inLanguage\":\"es\",\"potentialAction\":[{\"@type\":\"ReadAction\",\"target\":[\"https:\/\/livestaging.tangiblelaunchpad.com\/contact-us-alcohol-server-education\/\"]}]},{\"@type\":\"BreadcrumbList\",\"@id\":\"https:\/\/livestaging.tangiblelaunchpad.com\/contact-us-alcohol-server-education\/#breadcrumb\",\"itemListElement\":[{\"@type\":\"ListItem\",\"position\":1,\"name\":\"Home\",\"item\":\"https:\/\/livestaging.tangiblelaunchpad.com\/\"},{\"@type\":\"ListItem\",\"position\":2,\"name\":\"Contact Us\"}]},{\"@type\":\"WebSite\",\"@id\":\"https:\/\/craftserving.tangiblelaunchpad.com\/#website\",\"url\":\"https:\/\/craftserving.tangiblelaunchpad.com\/\",\"name\":\"Craft Serving\",\"description\":\"\",\"publisher\":{\"@id\":\"https:\/\/craftserving.tangiblelaunchpad.com\/#organization\"},\"potentialAction\":[{\"@type\":\"SearchAction\",\"target\":{\"@type\":\"EntryPoint\",\"urlTemplate\":\"https:\/\/craftserving.tangiblelaunchpad.com\/?s={search_term_string}\"},\"query-input\":{\"@type\":\"PropertyValueSpecification\",\"valueRequired\":true,\"valueName\":\"search_term_string\"}}],\"inLanguage\":\"es\"},{\"@type\":\"Organization\",\"@id\":\"https:\/\/craftserving.tangiblelaunchpad.com\/#organization\",\"name\":\"Craft Serving\",\"url\":\"https:\/\/craftserving.tangiblelaunchpad.com\/\",\"logo\":{\"@type\":\"ImageObject\",\"inLanguage\":\"es\",\"@id\":\"https:\/\/craftserving.tangiblelaunchpad.com\/#\/schema\/logo\/image\/\",\"url\":\"https:\/\/livestaging.tangiblelaunchpad.com\/wp-content\/uploads\/2024\/09\/cropped-Craft-Serving-Stacked-Logo-Updated-Spacing.png\",\"contentUrl\":\"https:\/\/livestaging.tangiblelaunchpad.com\/wp-content\/uploads\/2024\/09\/cropped-Craft-Serving-Stacked-Logo-Updated-Spacing.png\",\"width\":4705,\"height\":2026,\"caption\":\"Craft Serving\"},\"image\":{\"@id\":\"https:\/\/craftserving.tangiblelaunchpad.com\/#\/schema\/logo\/image\/\"},\"sameAs\":[\"https:\/\/www.facebook.com\/craftserving\",\"https:\/\/x.com\/CraftServing\",\"https:\/\/www.instagram.com\/craftserving\",\"https:\/\/www.linkedin.com\/company\/craft-serving\"]}]}<\/script>\n<!-- \/ Yoast SEO plugin. -->","yoast_head_json":{"title":"Contacte con nosotros | Formaci\u00f3n para servir alcohol | Servir artesanalmente","description":"Nuestro equipo experto y amable se encuentra en el PNW y le encantar\u00eda ayudarle a obtener la certificaci\u00f3n para servir alcohol. P\u00f3ngase en contacto con nosotros hoy mismo.","robots":{"index":"index","follow":"follow","max-snippet":"max-snippet:-1","max-image-preview":"max-image-preview:large","max-video-preview":"max-video-preview:-1"},"canonical":"https:\/\/livestaging.tangiblelaunchpad.com\/es\/pongase-en-contacto-con-nosotros-alcohol-server-education\/","og_locale":"es_MX","og_type":"article","og_title":"Contact Us | Alcohol Server Education | Craft Serving","og_description":"Our knowledgeable and friendly team is located in the PNW and would love to help you get certified to serve alcohol. Contact us today!","og_url":"https:\/\/livestaging.tangiblelaunchpad.com\/es\/pongase-en-contacto-con-nosotros-alcohol-server-education\/","og_site_name":"Craft Serving","article_publisher":"https:\/\/www.facebook.com\/craftserving","article_modified_time":"2025-12-19T20:25:12+00:00","twitter_card":"summary_large_image","twitter_site":"@CraftServing","twitter_misc":{"Tiempo de lectura":"1 minuto"},"schema":{"@context":"https:\/\/schema.org","@graph":[{"@type":["WebPage","ContactPage"],"@id":"https:\/\/livestaging.tangiblelaunchpad.com\/contact-us-alcohol-server-education\/","url":"https:\/\/livestaging.tangiblelaunchpad.com\/contact-us-alcohol-server-education\/","name":"Contacte con nosotros | Formaci\u00f3n para servir alcohol | Servir artesanalmente","isPartOf":{"@id":"https:\/\/craftserving.tangiblelaunchpad.com\/#website"},"datePublished":"2018-12-10T21:56:37+00:00","dateModified":"2025-12-19T20:25:12+00:00","description":"Nuestro equipo experto y amable se encuentra en el PNW y le encantar\u00eda ayudarle a obtener la certificaci\u00f3n para servir alcohol. P\u00f3ngase en contacto con nosotros hoy mismo.","breadcrumb":{"@id":"https:\/\/livestaging.tangiblelaunchpad.com\/contact-us-alcohol-server-education\/#breadcrumb"},"inLanguage":"es","potentialAction":[{"@type":"ReadAction","target":["https:\/\/livestaging.tangiblelaunchpad.com\/contact-us-alcohol-server-education\/"]}]},{"@type":"BreadcrumbList","@id":"https:\/\/livestaging.tangiblelaunchpad.com\/contact-us-alcohol-server-education\/#breadcrumb","itemListElement":[{"@type":"ListItem","position":1,"name":"Home","item":"https:\/\/livestaging.tangiblelaunchpad.com\/"},{"@type":"ListItem","position":2,"name":"Contact Us"}]},{"@type":"WebSite","@id":"https:\/\/craftserving.tangiblelaunchpad.com\/#website","url":"https:\/\/craftserving.tangiblelaunchpad.com\/","name":"Servicio artesanal","description":"","publisher":{"@id":"https:\/\/craftserving.tangiblelaunchpad.com\/#organization"},"potentialAction":[{"@type":"SearchAction","target":{"@type":"EntryPoint","urlTemplate":"https:\/\/craftserving.tangiblelaunchpad.com\/?s={search_term_string}"},"query-input":{"@type":"PropertyValueSpecification","valueRequired":true,"valueName":"search_term_string"}}],"inLanguage":"es"},{"@type":"Organization","@id":"https:\/\/craftserving.tangiblelaunchpad.com\/#organization","name":"Servicio artesanal","url":"https:\/\/craftserving.tangiblelaunchpad.com\/","logo":{"@type":"ImageObject","inLanguage":"es","@id":"https:\/\/craftserving.tangiblelaunchpad.com\/#\/schema\/logo\/image\/","url":"https:\/\/livestaging.tangiblelaunchpad.com\/wp-content\/uploads\/2024\/09\/cropped-Craft-Serving-Stacked-Logo-Updated-Spacing.png","contentUrl":"https:\/\/livestaging.tangiblelaunchpad.com\/wp-content\/uploads\/2024\/09\/cropped-Craft-Serving-Stacked-Logo-Updated-Spacing.png","width":4705,"height":2026,"caption":"Craft Serving"},"image":{"@id":"https:\/\/craftserving.tangiblelaunchpad.com\/#\/schema\/logo\/image\/"},"sameAs":["https:\/\/www.facebook.com\/craftserving","https:\/\/x.com\/CraftServing","https:\/\/www.instagram.com\/craftserving","https:\/\/www.linkedin.com\/company\/craft-serving"]}]}},"_links":{"self":[{"href":"https:\/\/livestaging.tangiblelaunchpad.com\/es\/wp-json\/wp\/v2\/pages\/110","targetHints":{"allow":["GET"]}}],"collection":[{"href":"https:\/\/livestaging.tangiblelaunchpad.com\/es\/wp-json\/wp\/v2\/pages"}],"about":[{"href":"https:\/\/livestaging.tangiblelaunchpad.com\/es\/wp-json\/wp\/v2\/types\/page"}],"author":[{"embeddable":true,"href":"https:\/\/livestaging.tangiblelaunchpad.com\/es\/wp-json\/wp\/v2\/users\/2"}],"replies":[{"embeddable":true,"href":"https:\/\/livestaging.tangiblelaunchpad.com\/es\/wp-json\/wp\/v2\/comments?post=110"}],"version-history":[{"count":13,"href":"https:\/\/livestaging.tangiblelaunchpad.com\/es\/wp-json\/wp\/v2\/pages\/110\/revisions"}],"predecessor-version":[{"id":236586,"href":"https:\/\/livestaging.tangiblelaunchpad.com\/es\/wp-json\/wp\/v2\/pages\/110\/revisions\/236586"}],"wp:attachment":[{"href":"https:\/\/livestaging.tangiblelaunchpad.com\/es\/wp-json\/wp\/v2\/media?parent=110"}],"curies":[{"name":"wp","href":"https:\/\/api.w.org\/{rel}","templated":true}]}}